{"id":67,"date":"2020-04-07T15:46:23","date_gmt":"2020-04-07T15:46:23","guid":{"rendered":"https:\/\/corner-noguera.com\/?page_id=67"},"modified":"2020-04-11T11:44:55","modified_gmt":"2020-04-11T11:44:55","slug":"contacto","status":"publish","type":"page","link":"https:\/\/corner-noguera.com\/?page_id=67","title":{"rendered":"CONTACTO"},"content":{"rendered":"\n<h2 class=\"wp-block-heading\">Direcci\u00f3n postal : <\/h2>\n\n\n\n<p>C\/ Noguera Ribagor\u00e7ana 4-8<\/p>\n\n\n\n<p>08014 Barcelona<\/p>\n\n\n\n<p><\/p>\n\n\n\n<h2 class=\"wp-block-heading\">Correo electr\u00f3nico:  <\/h2>\n\n\n\n<p>cornernoguera@gmail.com<\/p>\n\n\n\n<h2 class=\"wp-block-heading\">Inscripci\u00f3n registral:  <\/h2>\n\n\n\n<p>Registro Mercantil de Barcelona, Tomo 31.024, Folio 16 y Hoja B-184220.<\/p>\n\n\n\n<p><a href=\"http:\/\/www.corner-noguera.com\"><span class=\"has-inline-color has-bright-blue-color\">volver a inicio<\/span><\/a>.<\/p>\n","protected":false},"excerpt":{"rendered":"<p>Direcci\u00f3n postal : C\/ Noguera Ribagor\u00e7ana 4-8 08014 Barcelona Correo electr\u00f3nico: cornernoguera@gmail.com Inscripci\u00f3n registral: Registro Mercantil de Barcelona, Tomo 31.024, Folio 16 y Hoja B-184220. volver a inicio.<\/p>\n","protected":false},"author":1,"featured_media":0,"parent":0,"menu_order":0,"comment_status":"closed","ping_status":"closed","template":"","meta":{"footnotes":""},"class_list":["post-67","page","type-page","status-publish","hentry"],"_links":{"self":[{"href":"https:\/\/corner-noguera.com\/index.php?rest_route=\/wp\/v2\/pages\/67"}],"collection":[{"href":"https:\/\/corner-noguera.com\/index.php?rest_route=\/wp\/v2\/pages"}],"about":[{"href":"https:\/\/corner-noguera.com\/index.php?rest_route=\/wp\/v2\/types\/page"}],"author":[{"embeddable":true,"href":"https:\/\/corner-noguera.com\/index.php?rest_route=\/wp\/v2\/users\/1"}],"replies":[{"embeddable":true,"href":"https:\/\/corner-noguera.com\/index.php?rest_route=%2Fwp%2Fv2%2Fcomments&post=67"}],"version-history":[{"count":7,"href":"https:\/\/corner-noguera.com\/index.php?rest_route=\/wp\/v2\/pages\/67\/revisions"}],"predecessor-version":[{"id":107,"href":"https:\/\/corner-noguera.com\/index.php?rest_route=\/wp\/v2\/pages\/67\/revisions\/107"}],"wp:attachment":[{"href":"https:\/\/corner-noguera.com\/index.php?rest_route=%2Fwp%2Fv2%2Fmedia&parent=67"}],"curies":[{"name":"wp","href":"https:\/\/api.w.org\/{rel}","templated":true}]}}