{"id":60,"date":"2020-04-07T15:35:11","date_gmt":"2020-04-07T15:35:11","guid":{"rendered":"https:\/\/corner-noguera.com\/?page_id=60"},"modified":"2020-04-09T11:38:17","modified_gmt":"2020-04-09T11:38:17","slug":"actos-societarios","status":"publish","type":"page","link":"https:\/\/corner-noguera.com\/?page_id=60","title":{"rendered":"ACTOS SOCIETARIOS"},"content":{"rendered":"\n<p>No hay ning\u00fan acto societario  inscrito en esta secci\u00f3n todav\u00eda. <\/p>\n\n\n\n<p><strong><em><a href=\"http:\/\/www.corner-noguera.com\"><span class=\"has-inline-color has-bright-blue-color\">Volver al inicio<\/span><\/a><\/em><\/strong><\/p>\n","protected":false},"excerpt":{"rendered":"<p>No hay ning\u00fan acto societario inscrito en esta secci\u00f3n todav\u00eda. Volver al inicio<\/p>\n","protected":false},"author":1,"featured_media":0,"parent":0,"menu_order":0,"comment_status":"closed","ping_status":"closed","template":"","meta":{"footnotes":""},"class_list":["post-60","page","type-page","status-publish","hentry"],"_links":{"self":[{"href":"https:\/\/corner-noguera.com\/index.php?rest_route=\/wp\/v2\/pages\/60"}],"collection":[{"href":"https:\/\/corner-noguera.com\/index.php?rest_route=\/wp\/v2\/pages"}],"about":[{"href":"https:\/\/corner-noguera.com\/index.php?rest_route=\/wp\/v2\/types\/page"}],"author":[{"embeddable":true,"href":"https:\/\/corner-noguera.com\/index.php?rest_route=\/wp\/v2\/users\/1"}],"replies":[{"embeddable":true,"href":"https:\/\/corner-noguera.com\/index.php?rest_route=%2Fwp%2Fv2%2Fcomments&post=60"}],"version-history":[{"count":4,"href":"https:\/\/corner-noguera.com\/index.php?rest_route=\/wp\/v2\/pages\/60\/revisions"}],"predecessor-version":[{"id":105,"href":"https:\/\/corner-noguera.com\/index.php?rest_route=\/wp\/v2\/pages\/60\/revisions\/105"}],"wp:attachment":[{"href":"https:\/\/corner-noguera.com\/index.php?rest_route=%2Fwp%2Fv2%2Fmedia&parent=60"}],"curies":[{"name":"wp","href":"https:\/\/api.w.org\/{rel}","templated":true}]}}